{"id":2184,"date":"2025-11-29T10:20:33","date_gmt":"2025-11-29T10:20:33","guid":{"rendered":"https:\/\/voyagesbabou.com\/?page_id=2184"},"modified":"2025-11-29T17:11:11","modified_gmt":"2025-11-29T17:11:11","slug":"toronto","status":"publish","type":"page","link":"https:\/\/voyagesbabou.com\/?page_id=2184","title":{"rendered":"Toronto"},"content":{"rendered":"\n<!DOCTYPE html>\n<html lang=\"fr\">\n<head>\n  <meta charset=\"UTF-8\" \/>\n  <title>Toronto &#8211; Voyages Babou<\/title>\n  <meta name=\"viewport\" content=\"width=device-width, initial-scale=1\" \/>\n  <meta name=\"description\" content=\"Toronto \u2014 skyline, lac Ontario, quartiers cosy et city-trip canadien. Id\u00e9es d\u2019activit\u00e9s, h\u00e9bergements et conseils s\u00e9lectionn\u00e9s par Voyages Babou.\" \/>\n\n  <!-- Police Poppins -->\n  <link rel=\"preconnect\" href=\"https:\/\/fonts.googleapis.com\">\n  <link rel=\"preconnect\" href=\"https:\/\/fonts.gstatic.com\" crossorigin>\n  <link href=\"https:\/\/fonts.googleapis.com\/css2?family=Poppins:wght@300;400;500;600;700;800&#038;display=swap\" rel=\"stylesheet\">\n\n  <style>\n  :root{\n    --vb-accent:#18b5c0;\n    --vb-gold:#d3b76f;\n    --vb-text:#0b2335;\n    --vb-muted:#556173;\n    --vb-sky:#eaf6f9;\n    --vb-card:#ffffff;\n    --vb-radius:20px;\n  }\n\n  *{box-sizing:border-box;margin:0;padding:0;}\n\n  body{\n    font-family:'Poppins',system-ui,-apple-system,Segoe UI,Roboto,Ubuntu,'Helvetica Neue',sans-serif;\n    background:linear-gradient(180deg,#f7fbfd,#ffffff);\n    color:var(--vb-text);\n  }\n\n  .vb-to{color:var(--vb-text);}\n  .vb-wrap{max-width:1100px;margin:0 auto;padding:24px 18px 40px;}\n\n  .vb-gradient-title{\n    background:linear-gradient(90deg,#7fe4df,#ff9bb4,#ffc97c);\n    -webkit-background-clip:text;\n    background-clip:text;\n    color:transparent;\n    font-weight:800;\n  }\n\n  .vb-kicker{\n    font-size:.78rem;\n    text-transform:uppercase;\n    letter-spacing:.16em;\n    color:var(--vb-accent);\n    margin-bottom:4px;\n  }\n\n  .vb-lead{\n    color:var(--vb-muted);\n    line-height:1.6;\n    font-size:.95rem;\n  }\n\n  \/* HERO *\/\n  .vb-hero{\n    background:linear-gradient(180deg,#ffffff,color-mix(in oklab,var(--vb-sky) 80%,white 20%));\n    border-radius:24px;\n    padding:22px 18px;\n    box-shadow:0 12px 30px rgba(0,0,0,.06);\n    border:1px solid #dbe9f0;\n    margin-bottom:28px;\n  }\n\n  .vb-hero-title{font-size:clamp(1.9rem,4vw,2.3rem);margin:.2em 0 .3em;}\n\n  \/* SECTIONS *\/\n  .vb-section{margin-top:28px;}\n  .vb-section h2{font-size:1.1rem;margin-bottom:6px;}\n  .vb-section p{font-size:.9rem;color:var(--vb-muted);}\n\n  \/* WIDGET BOX *\/\n  .vb-widget-box{\n    margin-top:16px;\n    padding:14px 12px;\n    border-radius:18px;\n    background:#ffffff;\n    border:1px solid #e8dfef;\n    box-shadow:0 8px 20px rgba(0,0,0,.04);\n  }\n\n  \/* CARDS *\/\n  .vb-card-grid{\n    display:grid;\n    grid-template-columns:repeat(auto-fit,minmax(260px,1fr));\n    gap:16px;\n    margin-top:14px;\n  }\n\n  .vb-card{\n    background:#ffffff;\n    border-radius:var(--vb-radius);\n    padding:16px;\n    border:1px solid #dde7f2;\n    box-shadow:0 8px 20px rgba(0,0,0,.05);\n    display:flex;\n    flex-direction:column;\n  }\n\n  .vb-card-img{\n    width:100%;\n    border-radius:16px;\n    margin-bottom:8px;\n    max-height:170px;\n    object-fit:cover;\n  }\n\n  .vb-card-title{font-size:.98rem;margin:0 0 6px;}\n  .vb-card-text{font-size:.86rem;color:var(--vb-muted);margin:0 0 10px;}\n\n  \/* BUTTON *\/\n  .vb-btn-outline{\n    display:inline-block;\n    padding:9px 18px;\n    border-radius:999px;\n    border:1px solid rgba(24,181,192,.4);\n    background:#ffffff;\n    color:#18b5c0;\n    text-decoration:none;\n    font-size:.86rem;\n    font-weight:600;\n    box-shadow:0 6px 16px rgba(0,0,0,.06);\n    margin-top:auto;\n    transition:.2s;\n  }\n\n  .vb-btn-outline:hover{\n    background:linear-gradient(135deg,#7fe4df,#ff9bb4);\n    color:#ffffff;\n  }\n\n  \/* TIPS *\/\n  .vb-tips{\n    margin-top:28px;\n    padding:18px 16px;\n    border-radius:24px;\n    background:linear-gradient(135deg,#7fe4df,#ff9bb4,#ffc97c);\n    color:#ffffff;\n    box-shadow:0 10px 24px rgba(0,0,0,.18);\n  }\n\n  .vb-tips-list{margin-top:10px;padding-left:18px;}\n  .vb-tips-list li{margin-bottom:6px;font-size:.9rem;}\n\n  \/* CTA *\/\n  .vb-cta{\n    margin-top:34px;\n    padding:18px 16px;\n    border-radius:24px;\n    background:#ffffff;\n    border:1px solid #e8dfef;\n    box-shadow:0 8px 22px rgba(0,0,0,.06);\n    text-align:center;\n  }\n\n  a{color:inherit;}\n  <\/style>\n<\/head>\n\n<body>\n\n<div class=\"vb-to\">\n  <div class=\"vb-wrap\">\n\n    <!-- HERO -->\n    <section class=\"vb-hero\">\n      <div class=\"vb-kicker\">Destination Am\u00e9rique \u00b7 Canada<\/div>\n      <h1 class=\"vb-hero-title\">\n        <span class=\"vb-gradient-title\">Toronto \u2014 skyline, lac Ontario &#038; quartiers cosy<\/span>\n      <\/h1>\n\n      <p class=\"vb-hero-sub vb-lead\">\n        Toronto, ville moderne entre gratte-ciels, quartiers vibrants, bord de lac et ambiance artistique.\n        Un city-trip parfait m\u00ealant urban vibes &#038; nature.\n      <\/p>\n\n      <!-- TON IMAGE -->\n      <img decoding=\"async\" src=\"https:\/\/voyagesbabou.com\/wp-content\/uploads\/2025\/11\/79953811-1-scaled.jpg\"\n           alt=\"Toronto skyline\"\n           style=\"width:100%;border-radius:16px;margin-top:14px;object-fit:cover;\" \/>\n    <\/section>\n\n    <!-- POURQUOI TORONTO -->\n    <section class=\"vb-section\">\n      <h2 class=\"vb-gradient-title\">Pourquoi choisir Toronto&nbsp;?<\/h2>\n\n      <div class=\"vb-card-grid\">\n\n        <article class=\"vb-card\">\n          <h3 class=\"vb-card-title\">Skyline &#038; lac Ontario<\/h3>\n          <p class=\"vb-card-text\">\n            Une vue iconique, promenades au bord de l&rsquo;eau, ferries vers les Toronto Islands.\n          <\/p>\n        <\/article>\n\n        <article class=\"vb-card\">\n          <h3 class=\"vb-card-title\">Quartiers vivants<\/h3>\n          <p class=\"vb-card-text\">\n            Distillery District, Kensington Market, Queen Street West\u2026  \n            caf\u00e9s, street art, boutiques &#038; ambiance cr\u00e9ative.\n          <\/p>\n        <\/article>\n\n        <article class=\"vb-card\">\n          <h3 class=\"vb-card-title\">Culture &#038; nature<\/h3>\n          <p class=\"vb-card-text\">\n            Mus\u00e9es, food tours, \u00eeles en bateau, march\u00e9s color\u00e9s.  \n            Une ville qui se d\u00e9couvre \u00e0 ton rythme.\n          <\/p>\n        <\/article>\n\n      <\/div>\n    <\/section>\n\n    <!-- ACTIVIT\u00c9S -->\n    <section class=\"vb-section\" id=\"activites\">\n      <h2 class=\"vb-gradient-title\">Activit\u00e9s &#038; exp\u00e9riences \u00e0 Toronto<\/h2>\n\n      <div class=\"vb-widget-box\">\n\n        <script async defer\n                src=\"https:\/\/widget.getyourguide.com\/dist\/pa.umd.production.min.js\"\n                data-gyg-partner-id=\"ECPHJMP\"><\/script>\n\n        <div data-gyg-href=\"https:\/\/widget.getyourguide.com\/default\/activities.frame\"\n             data-gyg-locale-code=\"fr-FR\"\n             data-gyg-widget=\"activities\"\n             data-gyg-number-of-items=\"3\"\n             data-gyg-cmp=\"toronto\"\n             data-gyg-partner-id=\"ECPHJMP\"\n             data-gyg-q=\"toronto\">\n          <span>\n            Powered by\n            <a target=\"_blank\" rel=\"sponsored\"\n               href=\"https:\/\/www.getyourguide.com\/toronto-l177\/\">\n               GetYourGuide\n            <\/a>\n          <\/span>\n        <\/div>\n\n      <\/div>\n    <\/section>\n\n    <!-- H\u00c9BERGEMENTS -->\n    <section class=\"vb-section\">\n      <h2 class=\"vb-gradient-title\">H\u00e9bergements \u00e0 Toronto<\/h2>\n\n      <div class=\"vb-card-grid\">\n\n        <!-- Pan Pacific -->\n        <article class=\"vb-card\">\n          <img decoding=\"async\" class=\"vb-card-img\"\n               src=\"https:\/\/voyagesbabou.com\/wp-content\/uploads\/2025\/11\/4b92431d-scaled.jpg\"\n               alt=\"Pan Pacific Toronto\" \/>\n\n          <h3 class=\"vb-card-title\">Pan Pacific Toronto<\/h3>\n          <p class=\"vb-card-text\">\n            H\u00f4tel moderne &#038; \u00e9l\u00e9gant. Tr\u00e8s bon confort, id\u00e9al pour un s\u00e9jour relax.\n          <\/p>\n\n          <a class=\"vb-btn-outline\"\n             href=\"https:\/\/expedia.com\/affiliates\/toronto-hotel-pan-pacific-toronto.OMJ8JI8\"\n             target=\"_blank\" rel=\"sponsored\">Voir l\u2019h\u00f4tel<\/a>\n        <\/article>\n\n        <!-- Peterstays Cityscape -->\n        <article class=\"vb-card\">\n          <img decoding=\"async\" class=\"vb-card-img\"\n               src=\"https:\/\/voyagesbabou.com\/wp-content\/uploads\/2025\/11\/c1548d19-scaled.jpg\"\n               alt=\"Peterstays Cityscape Toronto\" \/>\n\n          <h3 class=\"vb-card-title\">Peterstays Cityscape<\/h3>\n          <p class=\"vb-card-text\">\n            Appart-h\u00f4tel pratique &#038; bien situ\u00e9. Parfait pour un city-trip flexible.\n          <\/p>\n\n          <a class=\"vb-btn-outline\"\n             href=\"https:\/\/expedia.com\/affiliates\/toronto-hotel-peterstays-cityscape.dkVPX1O\"\n             target=\"_blank\" rel=\"sponsored\">Voir l\u2019h\u00f4tel<\/a>\n        <\/article>\n\n      <\/div>\n    <\/section>\n\n    <!-- TIPS -->\n    <section class=\"vb-tips\">\n      <h2>Mes conseils pour un s\u00e9jour doux \u00e0 Toronto<\/h2>\n\n      <ul class=\"vb-tips-list\">\n        <li><strong>Profite du lac<\/strong> : ferry pour les Toronto Islands, sunset au bord de l\u2019eau.<\/li>\n        <li><strong>Explore les quartiers<\/strong> : Kensington, Distillery, Yorkville\u2026 ambiance locale.<\/li>\n        <li><strong>Combine avec Niagara Falls<\/strong> si tu as une journ\u00e9e de libre.<\/li>\n        <li><strong>Prends le m\u00e9tro<\/strong> pour \u00e9viter le trafic en centre-ville.<\/li>\n      <\/ul>\n    <\/section>\n\n    <!-- CTA -->\n    <section class=\"vb-cta\">\n      <h2 class=\"vb-gradient-title\">Envie de pr\u00e9parer ton s\u00e9jour \u00e0 Toronto&nbsp;?<\/h2>\n      <p>\n        Garde cette page comme base, compare avec les autres destinations Am\u00e9rique  \n        ou \u00e9cris-moi pour un accompagnement personnalis\u00e9.\n      <\/p>\n\n      <a class=\"vb-btn-outline\" href=\"\/destinations\/amerique\">Revenir aux destinations Am\u00e9rique<\/a>\n    <\/section>\n\n  <\/div>\n<\/div>\n\n<\/body>\n<\/html>\n\n","protected":false},"excerpt":{"rendered":"<p>Toronto &#8211; Voyages Babou Destination Am\u00e9rique \u00b7 Canada Toronto \u2014 skyline, lac Ontario &#038; quartiers cosy Toronto, ville moderne entre gratte-ciels, quartiers vibrants, bord de lac et ambiance artistique. Un city-trip parfait m\u00ealant urban vibes &#038; nature. Pourquoi choisir Toronto&nbsp;? Skyline &#038; lac Ontario Une vue iconique, promenades au bord de l&rsquo;eau, ferries vers les<\/p>\n<div class=\"more-link\">\n             <a href=\"https:\/\/voyagesbabou.com\/?page_id=2184\" class=\"theme-btn\"><span> <\/span><i class=\"bi bi-arrow-right\"><\/i><\/a>\n        <\/div>\n","protected":false},"author":1,"featured_media":0,"parent":0,"menu_order":0,"comment_status":"closed","ping_status":"closed","template":"","meta":{"_uag_custom_page_level_css":"","footnotes":""},"class_list":["post-2184","page","type-page","status-publish","hentry"],"_hostinger_reach_plugin_has_subscription_block":false,"_hostinger_reach_plugin_is_elementor":false,"uagb_featured_image_src":{"full":false,"thumbnail":false,"medium":false,"medium_large":false,"large":false,"1536x1536":false,"2048x2048":false},"uagb_author_info":{"display_name":"voyagesbabou@gmail.com","author_link":"https:\/\/voyagesbabou.com\/?author=1"},"uagb_comment_info":0,"uagb_excerpt":"Toronto &#8211; Voyages Babou Destination Am\u00e9rique \u00b7 Canada Toronto \u2014 skyline, lac Ontario &#038; quartiers cosy Toronto, ville moderne entre gratte-ciels, quartiers vibrants, bord de lac et ambiance artistique. Un city-trip parfait m\u00ealant urban vibes &#038; nature. Pourquoi choisir Toronto&nbsp;? Skyline &#038; lac Ontario Une vue iconique, promenades au bord de l&rsquo;eau, ferries vers les","_links":{"self":[{"href":"https:\/\/voyagesbabou.com\/index.php?rest_route=\/wp\/v2\/pages\/2184","targetHints":{"allow":["GET"]}}],"collection":[{"href":"https:\/\/voyagesbabou.com\/index.php?rest_route=\/wp\/v2\/pages"}],"about":[{"href":"https:\/\/voyagesbabou.com\/index.php?rest_route=\/wp\/v2\/types\/page"}],"author":[{"embeddable":true,"href":"https:\/\/voyagesbabou.com\/index.php?rest_route=\/wp\/v2\/users\/1"}],"replies":[{"embeddable":true,"href":"https:\/\/voyagesbabou.com\/index.php?rest_route=%2Fwp%2Fv2%2Fcomments&post=2184"}],"version-history":[{"count":2,"href":"https:\/\/voyagesbabou.com\/index.php?rest_route=\/wp\/v2\/pages\/2184\/revisions"}],"predecessor-version":[{"id":2226,"href":"https:\/\/voyagesbabou.com\/index.php?rest_route=\/wp\/v2\/pages\/2184\/revisions\/2226"}],"wp:attachment":[{"href":"https:\/\/voyagesbabou.com\/index.php?rest_route=%2Fwp%2Fv2%2Fmedia&parent=2184"}],"curies":[{"name":"wp","href":"https:\/\/api.w.org\/{rel}","templated":true}]}}