{"id":2254,"date":"2025-11-29T20:30:44","date_gmt":"2025-11-29T20:30:44","guid":{"rendered":"https:\/\/voyagesbabou.com\/?page_id=2254"},"modified":"2025-11-30T12:03:14","modified_gmt":"2025-11-30T12:03:14","slug":"maldives","status":"publish","type":"page","link":"https:\/\/voyagesbabou.com\/?page_id=2254","title":{"rendered":"Maldives"},"content":{"rendered":"\n<!-- ===== PAGE DESTINATION MALDIVES \u2014 VOYAGES BABOU ===== -->\n\n<style>\n:root{\n  --vb-accent:#18b5c0;\n  --vb-gold:#d3b76f;\n  --vb-text:#0b2335;\n  --vb-muted:#556173;\n  --vb-sky:#eaf6f9;\n  --vb-card:#ffffff;\n  --vb-radius:20px;\n}\n\n.vb-maldives{\n  font-family:'Poppins',system-ui,-apple-system,Segoe UI,Roboto,Ubuntu,'Helvetica Neue',sans-serif;\n  color:var(--vb-text);\n}\n.vb-wrap{\n  max-width:1100px;\n  margin:0 auto;\n  padding:24px 18px 40px;\n}\n\n.vb-gradient-title{\n  background:linear-gradient(90deg,#7fe4df,#ff9bb4,#ffc97c);\n  -webkit-background-clip:text;\n  background-clip:text;\n  color:transparent;\n  font-weight:800;\n}\n.vb-kicker{\n  font-size:.78rem;\n  text-transform:uppercase;\n  letter-spacing:.16em;\n  color:var(--vb-accent);\n  margin-bottom:4px;\n}\n.vb-lead{\n  color:var(--vb-muted);\n  line-height:1.6;\n  font-size:.95rem;\n}\n\n\/* HERO *\/\n.vb-hero{\n  background:linear-gradient(180deg,#ffffff,color-mix(in oklab,var(--vb-sky) 80%,white 20%));\n  border-radius:24px;\n  padding:22px 18px;\n  box-shadow:0 12px 30px rgba(0,0,0,.06);\n  border:1px solid #dbe9f0;\n  margin-bottom:28px;\n}\n.vb-hero-title{\n  font-size:clamp(1.9rem,4vw,2.3rem);\n  margin:.2em 0 .3em;\n}\n.vb-hero-img{\n  width:100%;\n  border-radius:16px;\n  margin-top:14px;\n  max-height:260px;\n  object-fit:cover;\n}\n\n\/* SECTIONS *\/\n.vb-section{\n  margin-top:28px;\n}\n.vb-section h2{\n  font-size:1.1rem;\n  margin-bottom:6px;\n}\n.vb-section p{\n  font-size:.9rem;\n  color:var(--vb-muted);\n}\n\n\/* WIDGET BOX *\/\n.vb-widget-box{\n  margin-top:16px;\n  padding:14px 12px;\n  border-radius:18px;\n  background:#ffffff;\n  border:1px solid #e8dfef;\n  box-shadow:0 8px 20px rgba(0,0,0,.04);\n}\n\n\/* H\u00c9BERGEMENTS *\/\n.vb-card-grid{\n  display:grid;\n  grid-template-columns:repeat(auto-fit,minmax(260px,1fr));\n  gap:16px;\n  margin-top:14px;\n}\n.vb-card{\n  background:#ffffff;\n  border-radius:var(--vb-radius);\n  padding:16px;\n  border:1px solid #dde7f2;\n  box-shadow:0 8px 20px rgba(0,0,0,.05);\n  display:flex;\n  flex-direction:column;\n}\n.vb-card-img{\n  width:100%;\n  border-radius:16px;\n  margin-bottom:8px;\n  max-height:170px;\n  object-fit:cover;\n}\n.vb-card-title{\n  font-size:.98rem;\n  margin:0 0 6px;\n}\n.vb-card-text{\n  font-size:.86rem;\n  color:var(--vb-muted);\n  margin:0 0 10px;\n}\n\n\/* BOUTONS *\/\n.vb-btn-outline{\n  display:inline-block;\n  padding:9px 18px;\n  border-radius:999px;\n  border:1px solid rgba(24,181,192,.4);\n  background:#ffffff;\n  color:var(--vb-accent);\n  text-decoration:none;\n  font-size:.86rem;\n  font-weight:600;\n  box-shadow:0 6px 16px rgba(0,0,0,.06);\n}\n.vb-btn-outline:hover{\n  background:linear-gradient(135deg,#7fe4df,#ff9bb4);\n  color:#ffffff;\n}\n\n\/* MES CONSEILS *\/\n.vb-tips{\n  margin-top:28px;\n  padding:18px 16px;\n  border-radius:24px;\n  background:linear-gradient(135deg,#7fe4df,#ff9bb4,#ffc97c);\n  color:#ffffff;\n  box-shadow:0 10px 24px rgba(0,0,0,.18);\n}\n.vb-tips-list{\n  margin-top:10px;\n  padding-left:18px;\n}\n.vb-tips-list li{\n  margin-bottom:6px;\n  font-size:.9rem;\n}\n\n\/* CTA FINAL *\/\n.vb-cta{\n  margin-top:34px;\n  padding:18px 16px;\n  border-radius:24px;\n  background:#ffffff;\n  border:1px solid #e8dfef;\n  box-shadow:0 8px 22px rgba(0,0,0,.06);\n  text-align:center;\n}\n<\/style>\n\n\n<div class=\"vb-maldives\">\n  <div class=\"vb-wrap\">\n\n    <!-- HERO -->\n    <section class=\"vb-hero\">\n      <div class=\"vb-kicker\">Destination Asie \u00b7 Maldives<\/div>\n      <h1 class=\"vb-hero-title\">\n        <span class=\"vb-gradient-title\">Maldives \u2014 lagons, villas sur l\u2019eau &#038; d\u00e9tente<\/span>\n      <\/h1>\n      <p class=\"vb-hero-sub vb-lead\">\n        Les Maldives, c\u2019est la carte postale par excellence : lagons turquoise, sable blanc,\n        villas sur pilotis, r\u00e9cifs coralliens et couchers de soleil incroyables. La destination id\u00e9ale\n        pour un voyage de r\u00eave, en couple ou pour une parenth\u00e8se 100&nbsp;% farniente.\n      <\/p>\n\n      <!-- Hero : tu peux changer l\u2019image si tu veux -->\n      <img decoding=\"async\" class=\"vb-hero-img\"\n           src=\"https:\/\/voyagesbabou.com\/wp-content\/uploads\/2025\/11\/c79bec71-1-scaled.jpg\"\n           alt=\"Lagon turquoise et plage aux Maldives\" \/>\n    <\/section>\n\n\n    <!-- POURQUOI LES MALDIVES -->\n    <section class=\"vb-section\">\n      <h2 class=\"vb-gradient-title\">Pourquoi choisir les Maldives&nbsp;?<\/h2>\n\n      <div class=\"vb-card-grid\">\n        <article class=\"vb-card\">\n          <h3 class=\"vb-card-title\">Lagon &#038; sable blanc<\/h3>\n          <p class=\"vb-card-text\">\n            Eau turquoise, plages immacul\u00e9es et r\u00e9cifs coralliens peu profonds&nbsp;: parfait\n            pour le snorkelling, la baignade et les photos de carte postale.\n          <\/p>\n        <\/article>\n\n        <article class=\"vb-card\">\n          <h3 class=\"vb-card-title\">Resorts &#038; villas sur l\u2019eau<\/h3>\n          <p class=\"vb-card-text\">\n            Des \u00eeles-h\u00f4tels avec villas plage ou pilotis, spa, piscines et restaurants vari\u00e9s.\n            Tout est pens\u00e9 pour la d\u00e9tente et le confort.\n          <\/p>\n        <\/article>\n\n        <article class=\"vb-card\">\n          <h3 class=\"vb-card-title\">Pour qui&nbsp;?<\/h3>\n          <p class=\"vb-card-text\">\n            Id\u00e9al pour un voyage de noces, un s\u00e9jour en couple ou un break d\u00e9tente au soleil,\n            loin du bruit, avec le lagon comme d\u00e9cor quotidien.\n          <\/p>\n        <\/article>\n      <\/div>\n    <\/section>\n\n\n    <!-- ACTIVIT\u00c9S -->\n    <section class=\"vb-section\">\n      <h2 class=\"vb-gradient-title\">Activit\u00e9s &#038; exp\u00e9riences aux Maldives<\/h2>\n      <p>Excursions en bateau, snorkelling, plong\u00e9e, sorties dauphins, sandbanks &#038; \u00eeles locales\u2026<\/p>\n\n      <div class=\"vb-widget-box\">\n        <script async defer \n                src=\"https:\/\/widget.getyourguide.com\/dist\/pa.umd.production.min.js\"\n                data-gyg-partner-id=\"ECPHJMP\"><\/script>\n\n        <div \n          data-gyg-href=\"https:\/\/widget.getyourguide.com\/default\/activities.frame\"\n          data-gyg-locale-code=\"fr-FR\"\n          data-gyg-widget=\"activities\"\n          data-gyg-number-of-items=\"3\"\n          data-gyg-cmp=\"maldives\"\n          data-gyg-partner-id=\"ECPHJMP\"\n          data-gyg-q=\"maldives\">\n          <span>Powered by \n            <a target=\"_blank\" rel=\"sponsored\" href=\"https:\/\/www.getyourguide.com\/maldives-l169135\/\">\n              GetYourGuide\n            <\/a>\n          <\/span>\n        <\/div>\n      <\/div>\n    <\/section>\n\n\n    <!-- VOLS MARSEILLE \u2192 MAL\u00c9 (MALDIVES) -->\n    <section class=\"vb-section\">\n      <h2 class=\"vb-gradient-title\">Vols Marseille \u2192 Maldives (Mal\u00e9)<\/h2>\n      <p>Compare les meilleures offres de vols vers les Maldives (a\u00e9roport de Mal\u00e9) depuis Marseille.<\/p>\n\n      <div class=\"vb-widget-box\">\n        <script async\n          src=\"https:\/\/tpwgts.com\/content?currency=eur&#038;trs=472920&#038;shmarker=680821&#038;powered_by=true&#038;search_host=www.aviasales.fr%2Fsearch&#038;locale=fr&#038;origin=MRS&#038;destination=MLE&#038;round_trip=true&#038;only_direct=false&#038;show_header=true&#038;limit=3&#038;primary_color=00AE98&#038;results_background_color=FFFFFF&#038;form_background_color=FFFFFF&#038;promo_id=4478&#038;campaign_id=111\"\n          charset=\"utf-8\">\n        <\/script>\n      <\/div>\n    <\/section>\n\n\n    <!-- H\u00c9BERGEMENTS -->\n    <section class=\"vb-section\">\n      <h2 class=\"vb-gradient-title\">H\u00e9bergements aux Maldives<\/h2>\n\n      <div class=\"vb-card-grid\">\n\n        <!-- HOTEL 1 : OBLU Xperience Ailafushi -->\n        <article class=\"vb-card\">\n          <img decoding=\"async\" class=\"vb-card-img\"\n               src=\"https:\/\/voyagesbabou.com\/wp-content\/uploads\/2025\/11\/12aa0827-scaled.jpg\"\n               alt=\"OBLU Xperience Ailafushi \u2013 Maldives\" \/>\n          <h3 class=\"vb-card-title\">OBLU Xperience Ailafushi \u2013 Atoll de Mal\u00e9 Nord<\/h3>\n          <p class=\"vb-card-text\">\n            Resort 4\u2605 tout inclus \u00e0 seulement 15&nbsp;minutes en speedboat de Mal\u00e9&nbsp;:\n            lagon turquoise, grande piscine, restaurants vari\u00e9s et ambiance fun pour couples,\n            amis &#038; familles.\n          <\/p>\n          <a class=\"vb-btn-outline\"\n             href=\"https:\/\/expedia.com\/affiliates\/oblu-xperience-ailafushi.fo8SyFN\"\n             target=\"_blank\" rel=\"sponsored\">Voir l\u2019h\u00f4tel<\/a>\n        <\/article>\n\n        <!-- HOTEL 2 : OBLU SELECT Sangeli -->\n        <article class=\"vb-card\">\n          <img decoding=\"async\" class=\"vb-card-img\"\n               src=\"https:\/\/voyagesbabou.com\/wp-content\/uploads\/2025\/11\/d4d8a9d4-1-scaled.jpg\"\n               alt=\"OBLU SELECT Sangeli \u2013 Maldives\" \/>\n          <h3 class=\"vb-card-title\">OBLU SELECT Sangeli \u2013 All Inclusive<\/h3>\n          <p class=\"vb-card-text\">\n            Resort 5\u2605 all inclusive sur une \u00eele priv\u00e9e, avec villas &#038; water-villas, plages superbes,\n            snorkelling, spa et nombreuses activit\u00e9s. Parfait pour un s\u00e9jour confort &#038; d\u00e9tente.\n          <\/p>\n          <a class=\"vb-btn-outline\"\n             href=\"https:\/\/expedia.com\/affiliates\/akirifushi-hotel-oblu-select-sangeli-all-inclusive-with-free-transfers.n3uAgWH\"\n             target=\"_blank\" rel=\"sponsored\">Voir l\u2019h\u00f4tel<\/a>\n        <\/article>\n\n        <!-- HOTEL 3 : Autre resort aux Maldives (\u00e0 personnaliser si tu veux) -->\n        <article class=\"vb-card\">\n          <!-- Remplace cette image et le lien par ton 3\u1d49 h\u00f4tel Maldives quand tu l\u2019auras -->\n          <img decoding=\"async\" class=\"vb-card-img\"\n               src=\"https:\/\/voyagesbabou.com\/wp-content\/uploads\/2025\/11\/c79bec71-1-scaled.jpg\"\n               alt=\"Resort aux Maldives \u2013 suggestion\" \/>\n          <h3 class=\"vb-card-title\">Autre resort coup de c\u0153ur aux Maldives<\/h3>\n          <p class=\"vb-card-text\">\n            Un resort \u00e0 choisir selon tes envies&nbsp;: plus intimiste, plus familial,\n            ou encore plus luxe. Tu pourras ici ajouter un troisi\u00e8me h\u00e9bergement recommand\u00e9\n            avec ta propre photo et ton lien affili\u00e9.\n          <\/p>\n          <a class=\"vb-btn-outline\"\n             href=\"#\"\n             target=\"_blank\" rel=\"sponsored\">Bient\u00f4t disponible<\/a>\n        <\/article>\n\n      <\/div>\n    <\/section>\n\n\n    <!-- CONSEILS -->\n    <section class=\"vb-tips\">\n      <h2>Mes conseils pour les Maldives<\/h2>\n      <ul class=\"vb-tips-list\">\n        <li><strong>Choisis bien ton atoll<\/strong> selon ton budget, le type de resort et l\u2019acc\u00e8s (bateau rapide ou hydravion).<\/li>\n        <li><strong>Pr\u00e9voyez 5\u20137 nuits<\/strong> minimum pour vraiment profiter sans courir.<\/li>\n        <li><strong>Regarde les formules tout compris<\/strong> qui peuvent \u00eatre plus int\u00e9ressantes que de tout payer sur place.<\/li>\n        <li><strong>Prot\u00e8ge le r\u00e9cif<\/strong> avec une cr\u00e8me solaire reef-safe et \u00e9vite de toucher le corail.<\/li>\n        <li><strong>V\u00e9rifie les transferts<\/strong> (horaires de vols internationaux vs bateau\/hydravion) pour \u00e9viter les longues attentes.<\/li>\n      <\/ul>\n    <\/section>\n\n\n    <!-- CTA FINAL -->\n    <section class=\"vb-cta\">\n      <h2 class=\"vb-gradient-title\">Envie de partir aux Maldives&nbsp;?<\/h2>\n      <p>Garde cette page comme base et contacte-moi si tu veux construire un s\u00e9jour sur-mesure aux Maldives.<\/p>\n\n      <a class=\"vb-btn-outline\" href=\"\/destinations\/asie\">Revenir aux destinations Asie<\/a>\n    <\/section>\n\n  <\/div>\n<\/div>\n\n\n\n\n<p><\/p>\n","protected":false},"excerpt":{"rendered":"<p>Destination Asie \u00b7 Maldives Maldives \u2014 lagons, villas sur l\u2019eau &#038; d\u00e9tente Les Maldives, c\u2019est la carte postale par excellence : lagons turquoise, sable blanc, villas sur pilotis, r\u00e9cifs coralliens et couchers de soleil incroyables. La destination id\u00e9ale pour un voyage de r\u00eave, en couple ou pour une parenth\u00e8se 100&nbsp;% farniente. Pourquoi choisir les Maldives&nbsp;?<\/p>\n<div class=\"more-link\">\n             <a href=\"https:\/\/voyagesbabou.com\/?page_id=2254\" class=\"theme-btn\"><span> <\/span><i class=\"bi bi-arrow-right\"><\/i><\/a>\n        <\/div>\n","protected":false},"author":1,"featured_media":0,"parent":0,"menu_order":0,"comment_status":"closed","ping_status":"closed","template":"","meta":{"_uag_custom_page_level_css":"","footnotes":""},"class_list":["post-2254","page","type-page","status-publish","hentry"],"_hostinger_reach_plugin_has_subscription_block":false,"_hostinger_reach_plugin_is_elementor":false,"uagb_featured_image_src":{"full":false,"thumbnail":false,"medium":false,"medium_large":false,"large":false,"1536x1536":false,"2048x2048":false},"uagb_author_info":{"display_name":"voyagesbabou@gmail.com","author_link":"https:\/\/voyagesbabou.com\/?author=1"},"uagb_comment_info":0,"uagb_excerpt":"Destination Asie \u00b7 Maldives Maldives \u2014 lagons, villas sur l\u2019eau &#038; d\u00e9tente Les Maldives, c\u2019est la carte postale par excellence : lagons turquoise, sable blanc, villas sur pilotis, r\u00e9cifs coralliens et couchers de soleil incroyables. La destination id\u00e9ale pour un voyage de r\u00eave, en couple ou pour une parenth\u00e8se 100&nbsp;% farniente. Pourquoi choisir les Maldives&nbsp;?","_links":{"self":[{"href":"https:\/\/voyagesbabou.com\/index.php?rest_route=\/wp\/v2\/pages\/2254","targetHints":{"allow":["GET"]}}],"collection":[{"href":"https:\/\/voyagesbabou.com\/index.php?rest_route=\/wp\/v2\/pages"}],"about":[{"href":"https:\/\/voyagesbabou.com\/index.php?rest_route=\/wp\/v2\/types\/page"}],"author":[{"embeddable":true,"href":"https:\/\/voyagesbabou.com\/index.php?rest_route=\/wp\/v2\/users\/1"}],"replies":[{"embeddable":true,"href":"https:\/\/voyagesbabou.com\/index.php?rest_route=%2Fwp%2Fv2%2Fcomments&post=2254"}],"version-history":[{"count":2,"href":"https:\/\/voyagesbabou.com\/index.php?rest_route=\/wp\/v2\/pages\/2254\/revisions"}],"predecessor-version":[{"id":2298,"href":"https:\/\/voyagesbabou.com\/index.php?rest_route=\/wp\/v2\/pages\/2254\/revisions\/2298"}],"wp:attachment":[{"href":"https:\/\/voyagesbabou.com\/index.php?rest_route=%2Fwp%2Fv2%2Fmedia&parent=2254"}],"curies":[{"name":"wp","href":"https:\/\/api.w.org\/{rel}","templated":true}]}}